{"id":512,"date":"2017-09-25T09:35:20","date_gmt":"2017-09-25T08:35:20","guid":{"rendered":"https:\/\/anetca.cz\/cs\/?page_id=512"},"modified":"2017-09-25T09:35:20","modified_gmt":"2017-09-25T08:35:20","slug":"porovnani-lilka","status":"publish","type":"page","link":"https:\/\/anetca.cz\/cs\/porovnani-lilka\/","title":{"rendered":"Porovn\u00e1n\u00ed s LILKA"},"content":{"rendered":"\n<table id=\"tablepress-1\" class=\"tablepress tablepress-id-1\">\n<thead>\n<tr class=\"row-1\">\n\t<th class=\"column-1\">Funkce <\/th><th class=\"column-2\">ANetCa<\/th><th class=\"column-3\">lilka<\/th>\n<\/tr>\n<\/thead>\n<tbody class=\"row-striping row-hover\">\n<tr class=\"row-2\">\n\t<td class=\"column-1\">EET evidence - odes\u00edl\u00e1n\u00ed \u00fa\u010dtenek na F\u00da<\/td><td class=\"column-2\">ano<\/td><td class=\"column-3\">ano<\/td>\n<\/tr>\n<tr class=\"row-3\">\n\t<td class=\"column-1\">Evidov\u00e1n\u00ed \u00fa\u010dtenek bez internetu<\/td><td class=\"column-2\">ano<\/td><td class=\"column-3\">ano<\/td>\n<\/tr>\n<tr class=\"row-4\">\n\t<td class=\"column-1\">Maxim\u00e1ln\u00ed po\u010det \u00fa\u010dtenek<\/td><td class=\"column-2\">neomezen\u011b<\/td><td class=\"column-3\">neomezen\u011b<\/td>\n<\/tr>\n<tr class=\"row-5\">\n\t<td class=\"column-1\">Cen\u00edk polo\u017eek<\/td><td class=\"column-2\">ano<\/td><td class=\"column-3\">ano<\/td>\n<\/tr>\n<tr class=\"row-6\">\n\t<td class=\"column-1\">Za\u0159azen\u00ed polo\u017eek do skupin<\/td><td class=\"column-2\">ano<\/td><td class=\"column-3\">ano<\/td>\n<\/tr>\n<tr class=\"row-7\">\n\t<td class=\"column-1\">Nastaven\u00ed v\u00edce cenov\u00fdch hladin<\/td><td class=\"column-2\">ano<\/td><td class=\"column-3\">ne<\/td>\n<\/tr>\n<tr class=\"row-8\">\n\t<td class=\"column-1\">Maxim\u00e1ln\u00ed po\u010det polo\u017eek<\/td><td class=\"column-2\">neomezen\u011b<\/td><td class=\"column-3\">neomezen\u011b<\/td>\n<\/tr>\n<tr class=\"row-9\">\n\t<td class=\"column-1\">V\u00edce I\u010c na jedn\u00e9 pokladn\u011b<\/td><td class=\"column-2\">ano<\/td><td class=\"column-3\">ano (Android)<\/td>\n<\/tr>\n<tr class=\"row-10\">\n\t<td class=\"column-1\">U\u017eivatelsk\u00e9 \u00fa\u010dty pro obsluhu<\/td><td class=\"column-2\">ano<\/td><td class=\"column-3\">ano<\/td>\n<\/tr>\n<tr class=\"row-11\">\n\t<td class=\"column-1\">Storno \u00fa\u010dtenek<\/td><td class=\"column-2\">ano<\/td><td class=\"column-3\">ano<\/td>\n<\/tr>\n<tr class=\"row-12\">\n\t<td class=\"column-1\">Slevy<\/td><td class=\"column-2\">ano<\/td><td class=\"column-3\">ano<\/td>\n<\/tr>\n<tr class=\"row-13\">\n\t<td class=\"column-1\">Re\u017eim nepl\u00e1tce DPH<\/td><td class=\"column-2\">ano<\/td><td class=\"column-3\">ano<\/td>\n<\/tr>\n<tr class=\"row-14\">\n\t<td class=\"column-1\">Re\u017eim pro pl\u00e1tce DPH<\/td><td class=\"column-2\">ano<\/td><td class=\"column-3\">ano<\/td>\n<\/tr>\n<tr class=\"row-15\">\n\t<td class=\"column-1\">\u00da\u010dtenky emailem<\/td><td class=\"column-2\">ano<\/td><td class=\"column-3\">ano<\/td>\n<\/tr>\n<tr class=\"row-16\">\n\t<td class=\"column-1\">Historie \u00fa\u010dtenek<\/td><td class=\"column-2\">ano<\/td><td class=\"column-3\">ano<\/td>\n<\/tr>\n<tr class=\"row-17\">\n\t<td class=\"column-1\">Sledov\u00e1n\u00ed stavu pokladny<\/td><td class=\"column-2\">ano<\/td><td class=\"column-3\">ano<\/td>\n<\/tr>\n<tr class=\"row-18\">\n\t<td class=\"column-1\">Pokladn\u00ed p\u0159\u00edjem a v\u00fddej<\/td><td class=\"column-2\">ano<\/td><td class=\"column-3\">ano<\/td>\n<\/tr>\n<tr class=\"row-19\">\n\t<td class=\"column-1\">Historie pokladn\u00edch operac\u00ed<\/td><td class=\"column-2\">ano<\/td><td class=\"column-3\">ano<\/td>\n<\/tr>\n<tr class=\"row-20\">\n\t<td class=\"column-1\">Rozpracovan\u00e9 \u00fa\u010dtenky<\/td><td class=\"column-2\">ano<\/td><td class=\"column-3\">ano<\/td>\n<\/tr>\n<tr class=\"row-21\">\n\t<td class=\"column-1\">Prodej virt\u00e1ln\u00ed m\u011bnou Bitcoin<\/td><td class=\"column-2\">ano<\/td><td class=\"column-3\">ano<\/td>\n<\/tr>\n<tr class=\"row-22\">\n\t<td class=\"column-1\">Autokonverze Bitcoin plateb na bankovn\u00ed \u00fa\u010det<\/td><td class=\"column-2\">ano<\/td><td class=\"column-3\">ano<\/td>\n<\/tr>\n<tr class=\"row-23\">\n\t<td class=\"column-1\"><strong>ROZ\u0160\u00cd\u0158EN\u00cd<\/strong><\/td><td class=\"column-2\"><\/td><td class=\"column-3\"><\/td>\n<\/tr>\n<tr class=\"row-24\">\n\t<td class=\"column-1\">Automatick\u00e9 v\u00e1\u017een\u00ed - propojen\u00ed s v\u00e1hou<\/td><td class=\"column-2\">ano<\/td><td class=\"column-3\">ne<\/td>\n<\/tr>\n<tr class=\"row-25\">\n\t<td class=\"column-1\">Tarov\u00e1n\u00ed<\/td><td class=\"column-2\">ano<\/td><td class=\"column-3\">ne<\/td>\n<\/tr>\n<tr class=\"row-26\">\n\t<td class=\"column-1\">Z\u00e1kaznick\u00fd displej<\/td><td class=\"column-2\">ano<\/td><td class=\"column-3\">ne<\/td>\n<\/tr>\n<tr class=\"row-27\">\n\t<td class=\"column-1\">Statick\u00fd bankovn\u00ed termin\u00e1l<\/td><td class=\"column-2\">ano<\/td><td class=\"column-3\">ano<\/td>\n<\/tr>\n<tr class=\"row-28\">\n\t<td class=\"column-1\">Mobiln\u00ed bankovn\u00ed termin\u00e1l<\/td><td class=\"column-2\">ne<\/td><td class=\"column-3\">ano<\/td>\n<\/tr>\n<tr class=\"row-29\">\n\t<td class=\"column-1\">Prodej p\u0159es \u010d\u00e1rov\u00e9 k\u00f3dy a EAN<\/td><td class=\"column-2\">ano<\/td><td class=\"column-3\">ano<\/td>\n<\/tr>\n<tr class=\"row-30\">\n\t<td class=\"column-1\">LAN tisk\u00e1rna<\/td><td class=\"column-2\">ano<\/td><td class=\"column-3\">ano<\/td>\n<\/tr>\n<tr class=\"row-31\">\n\t<td class=\"column-1\">Bluetooth tisk\u00e1rna<\/td><td class=\"column-2\">ano<\/td><td class=\"column-3\">ano<\/td>\n<\/tr>\n<tr class=\"row-32\">\n\t<td class=\"column-1\">Cloud tisk\u00e1rna<\/td><td class=\"column-2\">ano<\/td><td class=\"column-3\">ano<\/td>\n<\/tr>\n<tr class=\"row-33\">\n\t<td class=\"column-1\"><strong>Elektronick\u00e1 evidence tr\u017eeb<\/strong><\/td><td class=\"column-2\"><\/td><td class=\"column-3\"><\/td>\n<\/tr>\n<tr class=\"row-34\">\n\t<td class=\"column-1\">Hl\u00e1\u0161en\u00ed tr\u017eeb v b\u011b\u017en\u00e9m re\u017eimu EET<\/td><td class=\"column-2\">ano<\/td><td class=\"column-3\">ano<\/td>\n<\/tr>\n<tr class=\"row-35\">\n\t<td class=\"column-1\">Hl\u00e1\u0161en\u00ed tr\u017eeb ve zjednodu\u0161en\u00e9m re\u017eimu EET<\/td><td class=\"column-2\">ano<\/td><td class=\"column-3\">ano<\/td>\n<\/tr>\n<tr class=\"row-36\">\n\t<td class=\"column-1\">Automatick\u00e9 odes\u00edl\u00e1n\u00ed tr\u017eeb<\/td><td class=\"column-2\">ano<\/td><td class=\"column-3\">ano<\/td>\n<\/tr>\n<tr class=\"row-37\">\n\t<td class=\"column-1\">Ru\u010dn\u00ed mo\u017enost doodesl\u00e1n\u00ed tr\u017eby<\/td><td class=\"column-2\">ano<\/td><td class=\"column-3\">ano<\/td>\n<\/tr>\n<tr class=\"row-38\">\n\t<td class=\"column-1\">Prodej v zastoupen\u00ed<\/td><td class=\"column-2\">ano<\/td><td class=\"column-3\">ano<\/td>\n<\/tr>\n<tr class=\"row-39\">\n\t<td class=\"column-1\">Prodej v re\u017eimu pou\u017eit\u00e9ho zbo\u017e\u00ed<\/td><td class=\"column-2\">ano<\/td><td class=\"column-3\">ano<\/td>\n<\/tr>\n<tr class=\"row-40\">\n\t<td class=\"column-1\"><strong>Tiskov\u00e9 sestavy<\/strong><\/td><td class=\"column-2\"><\/td><td class=\"column-3\"><\/td>\n<\/tr>\n<tr class=\"row-41\">\n\t<td class=\"column-1\">Tisk \u00fa\u010dtenek<\/td><td class=\"column-2\">ano<\/td><td class=\"column-3\">ano<\/td>\n<\/tr>\n<tr class=\"row-42\">\n\t<td class=\"column-1\">Uz\u00e1v\u011brka pokladny<\/td><td class=\"column-2\">ano<\/td><td class=\"column-3\">ano<\/td>\n<\/tr>\n<tr class=\"row-43\">\n\t<td class=\"column-1\">P\u0159ehled tr\u017eeb<\/td><td class=\"column-2\">ano<\/td><td class=\"column-3\">ano<\/td>\n<\/tr>\n<tr class=\"row-44\">\n\t<td class=\"column-1\">Pokladn\u00ed p\u0159ehled<\/td><td class=\"column-2\">ano<\/td><td class=\"column-3\">ano<\/td>\n<\/tr>\n<tr class=\"row-45\">\n\t<td class=\"column-1\">Seznam polo\u017eek<\/td><td class=\"column-2\">ano<\/td><td class=\"column-3\">ano<\/td>\n<\/tr>\n<tr class=\"row-46\">\n\t<td class=\"column-1\">Seznam \u00fa\u010dtenek<\/td><td class=\"column-2\">ano<\/td><td class=\"column-3\">ano<\/td>\n<\/tr>\n<tr class=\"row-47\">\n\t<td class=\"column-1\">Tisk objedn\u00e1vek do kuchyn\u011b<\/td><td class=\"column-2\">ano<\/td><td class=\"column-3\">ano<\/td>\n<\/tr>\n<tr class=\"row-48\">\n\t<td class=\"column-1\">Logo na \u00fa\u010dtenku<\/td><td class=\"column-2\">ano<\/td><td class=\"column-3\">ne<\/td>\n<\/tr>\n<tr class=\"row-49\">\n\t<td class=\"column-1\">DI\u010c odb\u011bratele<\/td><td class=\"column-2\">ano<\/td><td class=\"column-3\">ano<\/td>\n<\/tr>\n<tr class=\"row-50\">\n\t<td class=\"column-1\">Pozn\u00e1mka na \u00fa\u010dtenku<\/td><td class=\"column-2\">ano<\/td><td class=\"column-3\">ano<\/td>\n<\/tr>\n<tr class=\"row-51\">\n\t<td class=\"column-1\">Evidence plateb kartou - fakturou - hotov\u011b - bitcoin<\/td><td class=\"column-2\">ano<\/td><td class=\"column-3\">ano<\/td>\n<\/tr>\n<tr class=\"row-52\">\n\t<td class=\"column-1\">Prodej v ciz\u00ed m\u011bn\u011b<\/td><td class=\"column-2\">ano<\/td><td class=\"column-3\">ne<\/td>\n<\/tr>\n<tr class=\"row-53\">\n\t<td class=\"column-1\"><strong>Specialn\u00ed funkce<\/strong><\/td><td class=\"column-2\"><\/td><td class=\"column-3\"><\/td>\n<\/tr>\n<tr class=\"row-54\">\n\t<td class=\"column-1\">Prodej p\u0159es QR faktura<\/td><td class=\"column-2\">ne<\/td><td class=\"column-3\">ano<\/td>\n<\/tr>\n<tr class=\"row-55\">\n\t<td class=\"column-1\">Na\u010dten\u00ed \u010d\u00e1rov\u00e9ho k\u00f3du kamerou<\/td><td class=\"column-2\">ne<\/td><td class=\"column-3\">ano<\/td>\n<\/tr>\n<tr class=\"row-56\">\n\t<td class=\"column-1\">Grafick\u00e1 mapa stol\u016f<\/td><td class=\"column-2\">ano<\/td><td class=\"column-3\">ne<\/td>\n<\/tr>\n<tr class=\"row-57\">\n\t<td class=\"column-1\"><strong>Pr\u00e1ce s daty<\/strong><\/td><td class=\"column-2\"><\/td><td class=\"column-3\"><\/td>\n<\/tr>\n<tr class=\"row-58\">\n\t<td class=\"column-1\">Z\u00e1lohov\u00e1n\u00ed dat<\/td><td class=\"column-2\">ano<\/td><td class=\"column-3\">ano<\/td>\n<\/tr>\n<tr class=\"row-59\">\n\t<td class=\"column-1\">Obnova dat<\/td><td class=\"column-2\">ano<\/td><td class=\"column-3\">ano<\/td>\n<\/tr>\n<tr class=\"row-60\">\n\t<td class=\"column-1\">Import polo\u017eek z Excel\/CSV<\/td><td class=\"column-2\">ano<\/td><td class=\"column-3\">ano<\/td>\n<\/tr>\n<tr class=\"row-61\">\n\t<td class=\"column-1\">Export polo\u017eek do CSV<\/td><td class=\"column-2\">ano<\/td><td class=\"column-3\">ano<\/td>\n<\/tr>\n<tr class=\"row-62\">\n\t<td class=\"column-1\"><strong>Skladov\u00e9 hospod\u00e1\u0159stv\u00ed,,<\/strong><\/td><td class=\"column-2\"><\/td><td class=\"column-3\"><\/td>\n<\/tr>\n<tr class=\"row-63\">\n\t<td class=\"column-1\">Skladov\u00e9 hospod\u00e1\u0159stv\u00ed<\/td><td class=\"column-2\">ano - modulem<\/td><td class=\"column-3\">ano - modulem<\/td>\n<\/tr>\n<\/tbody>\n<\/table>\n\n","protected":false},"excerpt":{"rendered":"","protected":false},"author":4,"featured_media":0,"parent":0,"menu_order":0,"comment_status":"closed","ping_status":"closed","template":"","meta":{"_cs_post_content":"[table id=1 \/]","_cs_post_name":"porovnani-lilka","_cs_post_excerpt":"","_cs_post_title":"Porovn\u00e1n\u00ed s LILKA","_en_post_content":"","_en_post_name":"","_en_post_excerpt":"","_en_post_title":"","edit_language":"cs","jetpack_post_was_ever_published":false,"footnotes":""},"class_list":["post-512","page","type-page","status-publish","hentry"],"yoast_head":"<!-- This site is optimized with the Yoast SEO plugin v24.6 - https:\/\/yoast.com\/wordpress\/plugins\/seo\/ -->\n<title>Porovn\u00e1n\u00ed s LILKA | ANETCA<\/title>\n<meta name=\"robots\" content=\"index, follow, max-snippet:-1, max-image-preview:large, max-video-preview:-1\" \/>\n<link rel=\"canonical\" href=\"https:\/\/anetca.cz\/cs\/porovnani-lilka\/\" \/>\n<meta property=\"og:locale\" content=\"en_US\" \/>\n<meta property=\"og:type\" content=\"article\" \/>\n<meta property=\"og:title\" content=\"Porovn\u00e1n\u00ed s LILKA | ANETCA\" \/>\n<meta property=\"og:url\" content=\"https:\/\/anetca.cz\/cs\/porovnani-lilka\/\" \/>\n<meta property=\"og:site_name\" content=\"ANETCA\" \/>\n<meta name=\"twitter:card\" content=\"summary_large_image\" \/>\n<script type=\"application\/ld+json\" class=\"yoast-schema-graph\">{\"@context\":\"https:\/\/schema.org\",\"@graph\":[{\"@type\":\"WebPage\",\"@id\":\"https:\/\/anetca.cz\/cs\/porovnani-lilka\/\",\"url\":\"https:\/\/anetca.cz\/cs\/porovnani-lilka\/\",\"name\":\"Porovn\u00e1n\u00ed s LILKA | ANETCA\",\"isPartOf\":{\"@id\":\"https:\/\/anetca.cz\/cs\/#website\"},\"datePublished\":\"2017-09-25T08:35:20+00:00\",\"breadcrumb\":{\"@id\":\"https:\/\/anetca.cz\/cs\/porovnani-lilka\/#breadcrumb\"},\"inLanguage\":\"\",\"potentialAction\":[{\"@type\":\"ReadAction\",\"target\":[\"https:\/\/anetca.cz\/cs\/porovnani-lilka\/\"]}]},{\"@type\":\"BreadcrumbList\",\"@id\":\"https:\/\/anetca.cz\/cs\/porovnani-lilka\/#breadcrumb\",\"itemListElement\":[{\"@type\":\"ListItem\",\"position\":1,\"name\":\"Dom\u016f\",\"item\":\"https:\/\/anetca.cz\/cs\/\"},{\"@type\":\"ListItem\",\"position\":2,\"name\":\"Porovn\u00e1n\u00ed s LILKA\"}]},{\"@type\":\"WebSite\",\"@id\":\"https:\/\/anetca.cz\/cs\/#website\",\"url\":\"https:\/\/anetca.cz\/cs\/\",\"name\":\"ANETCA\",\"description\":\"EET bez pau\u0161\u00e1lu za 1500 K\u010d. Windows pokladn\u00ed syst\u00e9m pro PC, notebook a tablet\",\"publisher\":{\"@id\":\"https:\/\/anetca.cz\/cs\/#organization\"},\"potentialAction\":[{\"@type\":\"SearchAction\",\"target\":{\"@type\":\"EntryPoint\",\"urlTemplate\":\"https:\/\/anetca.cz\/cs\/?s={search_term_string}\"},\"query-input\":{\"@type\":\"PropertyValueSpecification\",\"valueRequired\":true,\"valueName\":\"search_term_string\"}}],\"inLanguage\":\"\"},{\"@type\":\"Organization\",\"@id\":\"https:\/\/anetca.cz\/cs\/#organization\",\"name\":\"ArrowSys s.r.o.\",\"url\":\"https:\/\/anetca.cz\/cs\/\",\"logo\":{\"@type\":\"ImageObject\",\"inLanguage\":\"\",\"@id\":\"https:\/\/anetca.cz\/cs\/#\/schema\/logo\/image\/\",\"url\":\"https:\/\/i2.wp.com\/anetca.cz\/wp-content\/uploads\/2016\/12\/lilka_ico.png?fit=128%2C128&ssl=1\",\"contentUrl\":\"https:\/\/i2.wp.com\/anetca.cz\/wp-content\/uploads\/2016\/12\/lilka_ico.png?fit=128%2C128&ssl=1\",\"width\":128,\"height\":128,\"caption\":\"ArrowSys s.r.o.\"},\"image\":{\"@id\":\"https:\/\/anetca.cz\/cs\/#\/schema\/logo\/image\/\"}}]}<\/script>\n<!-- \/ Yoast SEO plugin. -->","yoast_head_json":{"title":"Porovn\u00e1n\u00ed s LILKA | ANETCA","robots":{"index":"index","follow":"follow","max-snippet":"max-snippet:-1","max-image-preview":"max-image-preview:large","max-video-preview":"max-video-preview:-1"},"canonical":"https:\/\/anetca.cz\/cs\/porovnani-lilka\/","og_locale":"en_US","og_type":"article","og_title":"Porovn\u00e1n\u00ed s LILKA | ANETCA","og_url":"https:\/\/anetca.cz\/cs\/porovnani-lilka\/","og_site_name":"ANETCA","twitter_card":"summary_large_image","schema":{"@context":"https:\/\/schema.org","@graph":[{"@type":"WebPage","@id":"https:\/\/anetca.cz\/cs\/porovnani-lilka\/","url":"https:\/\/anetca.cz\/cs\/porovnani-lilka\/","name":"Porovn\u00e1n\u00ed s LILKA | ANETCA","isPartOf":{"@id":"https:\/\/anetca.cz\/cs\/#website"},"datePublished":"2017-09-25T08:35:20+00:00","breadcrumb":{"@id":"https:\/\/anetca.cz\/cs\/porovnani-lilka\/#breadcrumb"},"inLanguage":"","potentialAction":[{"@type":"ReadAction","target":["https:\/\/anetca.cz\/cs\/porovnani-lilka\/"]}]},{"@type":"BreadcrumbList","@id":"https:\/\/anetca.cz\/cs\/porovnani-lilka\/#breadcrumb","itemListElement":[{"@type":"ListItem","position":1,"name":"Dom\u016f","item":"https:\/\/anetca.cz\/cs\/"},{"@type":"ListItem","position":2,"name":"Porovn\u00e1n\u00ed s LILKA"}]},{"@type":"WebSite","@id":"https:\/\/anetca.cz\/cs\/#website","url":"https:\/\/anetca.cz\/cs\/","name":"ANETCA","description":"EET bez pau\u0161\u00e1lu za 1500 K\u010d. Windows pokladn\u00ed syst\u00e9m pro PC, notebook a tablet","publisher":{"@id":"https:\/\/anetca.cz\/cs\/#organization"},"potentialAction":[{"@type":"SearchAction","target":{"@type":"EntryPoint","urlTemplate":"https:\/\/anetca.cz\/cs\/?s={search_term_string}"},"query-input":{"@type":"PropertyValueSpecification","valueRequired":true,"valueName":"search_term_string"}}],"inLanguage":""},{"@type":"Organization","@id":"https:\/\/anetca.cz\/cs\/#organization","name":"ArrowSys s.r.o.","url":"https:\/\/anetca.cz\/cs\/","logo":{"@type":"ImageObject","inLanguage":"","@id":"https:\/\/anetca.cz\/cs\/#\/schema\/logo\/image\/","url":"https:\/\/i2.wp.com\/anetca.cz\/wp-content\/uploads\/2016\/12\/lilka_ico.png?fit=128%2C128&ssl=1","contentUrl":"https:\/\/i2.wp.com\/anetca.cz\/wp-content\/uploads\/2016\/12\/lilka_ico.png?fit=128%2C128&ssl=1","width":128,"height":128,"caption":"ArrowSys s.r.o."},"image":{"@id":"https:\/\/anetca.cz\/cs\/#\/schema\/logo\/image\/"}}]}},"jetpack_sharing_enabled":true,"jetpack_shortlink":"https:\/\/wp.me\/P7x4PG-8g","jetpack-related-posts":[],"_links":{"self":[{"href":"https:\/\/anetca.cz\/cs\/wp-json\/wp\/v2\/pages\/512"}],"collection":[{"href":"https:\/\/anetca.cz\/cs\/wp-json\/wp\/v2\/pages"}],"about":[{"href":"https:\/\/anetca.cz\/cs\/wp-json\/wp\/v2\/types\/page"}],"author":[{"embeddable":true,"href":"https:\/\/anetca.cz\/cs\/wp-json\/wp\/v2\/users\/4"}],"replies":[{"embeddable":true,"href":"https:\/\/anetca.cz\/cs\/wp-json\/wp\/v2\/comments?post=512"}],"version-history":[{"count":2,"href":"https:\/\/anetca.cz\/cs\/wp-json\/wp\/v2\/pages\/512\/revisions"}],"predecessor-version":[{"id":515,"href":"https:\/\/anetca.cz\/cs\/wp-json\/wp\/v2\/pages\/512\/revisions\/515"}],"wp:attachment":[{"href":"https:\/\/anetca.cz\/cs\/wp-json\/wp\/v2\/media?parent=512"}],"curies":[{"name":"wp","href":"https:\/\/api.w.org\/{rel}","templated":true}]}}