


    





{"id":2,"date":"2015-04-17T10:35:08","date_gmt":"2015-04-17T09:35:08","guid":{"rendered":"http:\/\/anetcash.cz\/?page_id=2"},"modified":"2025-03-05T08:45:03","modified_gmt":"2025-03-05T07:45:03","slug":"zkusebni-stranka","status":"publish","type":"page","link":"https:\/\/anetca.cz\/en\/","title":{"rendered":"Point of Sale - ArrowSys Network Cash (ANetCa)","raw":"Point of Sale - ArrowSys Network Cash (ANetCa)"},"content":{"rendered":"<p style=\"text-align: justify;\">ANetCa (ArrowSysNetworkCash) si\u00a0Point of Sale program. Designed for tablets, notebooks and computers running Windows 7 or newer and\u00a0Windows Server 2008 R2 and newer. For more information about this program please\u00a0visit\u00a0 <a href=\"http:\/\/www.arrowsys.cz\/produkty\/30-anetca.aspx\">ArrowSys.cz<\/a><\/p>\n<p style=\"text-align: justify;\">For phones and tablets running Android or iOS please visit\u00a0<a href=\"http:\/\/www.arrowsys.cz\/produkty\/39-lilka.aspx\">LILKA<\/a>. Pricing and more information can be found on <a href=\"http:\/\/www.arrowsys.cz\/produkty\/39-lilka.aspx\">ArrowSys.cz<\/a><\/p>\n<p><figure id=\"attachment_17\" aria-describedby=\"caption-attachment-17\" style=\"width: 1280px\" class=\"wp-caption alignnone\"><a href=\"https:\/\/i0.wp.com\/anetcash.cz\/wp-content\/uploads\/2015\/04\/anetca.jpg\"><img data-recalc-dims=\"1\" loading=\"lazy\" decoding=\"async\" data-attachment-id=\"17\" data-permalink=\"https:\/\/anetca.cz\/en\/zkusebni-stranka\/anetca-2\/\" data-orig-file=\"https:\/\/i0.wp.com\/anetca.cz\/wp-content\/uploads\/2015\/04\/anetca.jpg?fit=1280%2C800&amp;ssl=1\" data-orig-size=\"1280,800\" data-comments-opened=\"1\" data-image-meta=\"{&quot;aperture&quot;:&quot;0&quot;,&quot;credit&quot;:&quot;&quot;,&quot;camera&quot;:&quot;&quot;,&quot;caption&quot;:&quot;&quot;,&quot;created_timestamp&quot;:&quot;0&quot;,&quot;copyright&quot;:&quot;&quot;,&quot;focal_length&quot;:&quot;0&quot;,&quot;iso&quot;:&quot;0&quot;,&quot;shutter_speed&quot;:&quot;0&quot;,&quot;title&quot;:&quot;&quot;,&quot;orientation&quot;:&quot;0&quot;}\" data-image-title=\"Elektronick\u00e1 pokladna\" data-image-description=\"\" data-image-caption=\"&lt;p&gt;ANetCa &#8211; Elektronick\u00e1 evidence tr\u017eeb, ArrowSys Network Cash&lt;\/p&gt;\n\" data-medium-file=\"https:\/\/i0.wp.com\/anetca.cz\/wp-content\/uploads\/2015\/04\/anetca.jpg?fit=300%2C188&amp;ssl=1\" data-large-file=\"https:\/\/i0.wp.com\/anetca.cz\/wp-content\/uploads\/2015\/04\/anetca.jpg?fit=700%2C438&amp;ssl=1\" class=\"wp-image-17 size-full\" src=\"https:\/\/i0.wp.com\/anetca.cz\/wp-content\/uploads\/2015\/04\/anetca.jpg?resize=700%2C438\" alt=\"poklandn\u00ed syst\u00e9m obr\u00e1zek\" width=\"700\" height=\"438\" srcset=\"https:\/\/i0.wp.com\/anetca.cz\/wp-content\/uploads\/2015\/04\/anetca.jpg?w=1280&amp;ssl=1 1280w, https:\/\/i0.wp.com\/anetca.cz\/wp-content\/uploads\/2015\/04\/anetca.jpg?resize=300%2C188&amp;ssl=1 300w, https:\/\/i0.wp.com\/anetca.cz\/wp-content\/uploads\/2015\/04\/anetca.jpg?resize=1024%2C640&amp;ssl=1 1024w\" sizes=\"(max-width: 700px) 100vw, 700px\" \/><\/a><figcaption id=\"caption-attachment-17\" class=\"wp-caption-text\">ANetCa &#8211; PoS, ArrowSys Network Cash<\/figcaption><\/figure><\/p>\n","protected":false,"raw":"<p style=\"text-align: justify;\">ANetCa (ArrowSysNetworkCash) si\u00a0Point of Sale program. Designed for tablets, notebooks and computers running Windows 7 or newer and\u00a0Windows Server 2008 R2 and newer. For more information about this program please\u00a0visit\u00a0 <a href=\"http:\/\/www.arrowsys.cz\/produkty\/30-anetca.aspx\">ArrowSys.cz<\/a><\/p>\n<p style=\"text-align: justify;\">For phones and tablets running Android or iOS please visit\u00a0<a href=\"http:\/\/www.arrowsys.cz\/produkty\/39-lilka.aspx\">LILKA<\/a>. Pricing and more information can be found on <a href=\"http:\/\/www.arrowsys.cz\/produkty\/39-lilka.aspx\">ArrowSys.cz<\/a><\/p>\n\n\n[caption id=\"attachment_17\" align=\"alignnone\" width=\"1280\"]<a href=\"http:\/\/anetcash.cz\/wp-content\/uploads\/2015\/04\/anetca.jpg\"><img class=\"wp-image-17 size-full\" src=\"http:\/\/anetca.cz\/wp-content\/uploads\/2015\/04\/anetca.jpg\" alt=\"poklandn\u00ed syst\u00e9m obr\u00e1zek\" width=\"1280\" height=\"800\" \/><\/a> ANetCa - PoS, ArrowSys Network Cash[\/caption]"},"excerpt":{"rendered":"","protected":false,"raw":""},"author":4,"featured_media":726,"parent":0,"menu_order":0,"comment_status":"closed","ping_status":"closed","template":"page-templates\/full-width-page.php","meta":{"_cs_post_content":"<!-- wp:fl-builder\/layout -->\n<img src=\"https:\/\/anetca.cz\/wp-content\/uploads\/2015\/04\/Banner-Shuttle-.png\" alt=\"Vybaven\u00ed pokladny ANETCA\" itemprop=\"image\" height=\"800\" width=\"1600\" title=\"Vybaven\u00ed pokladny ANETCA\" onerror=\"this.style.display='none'\">\n<h2>\n\t\tP\u0159ipoj\u00edte jak\u00e9koliv vybaven\u00ed\n\t<\/h2>\n\t<ul>\n<li>V\u00e1ha<\/li>\n<li>\u010cte\u010dka \u010d\u00e1rov\u00fdch k\u00f3d\u016f<\/li>\n<li>Mobiln\u00ed platebn\u00ed termin\u00e1l od kter\u00e9koliv banky. Termin\u00e1ly POSCOM, \u010cSOB, KB a dal\u0161\u00ed<\/li>\n<li>Z\u00e1kaznick\u00e1 displej<\/li>\n<li>Pokladn\u00ed z\u00e1suvka na hotovost<\/li>\n<\/ul>\n<h2>\n\t\tU\u0161et\u0159\u00edme v\u00e1m\n\t<\/h2>\n\t<ul>\n<li>Provoz pokladny je zcela <strong>bez m\u011bs\u00ed\u010dn\u00edho pau\u0161\u00e1lu<\/strong><\/li>\n<li>Nainstalujte samostatn\u011b na vlastn\u00ed PC, notebook nebo tablet.<\/li>\n<li>Pokladn\u00ed syst\u00e9m je provozov\u00e1n bez dal\u0161\u00edch povinn\u00fdch nebo m\u011bs\u00ed\u010dn\u00edch poplatk\u016f, bez pau\u0161\u00e1lu.<\/li>\n<li>\u010casov\u011b neomezen\u00e1 licence programu ji\u017e <strong>od 3 500<\/strong>,- K\u010d<\/li>\n<\/ul>\n<h2>\n\t\tProv\u011b\u0159eno tis\u00edci\n\t<\/h2>\n\t<ul>\n<li>Software tvo\u0159\u00ed \u010desk\u00e1 rodinn\u00e1 firma ArrowSys, se zku\u0161enostmi v ekonomick\u00fdch syst\u00e9mech skladov\u00e9ho hospod\u00e1\u0159stv\u00ed, \u00fa\u010detnictv\u00ed a dal\u0161\u00edch <strong>od roku 1991.<\/strong><\/li>\n<li>Na\u0161e syst\u00e9my pou\u017e\u00edvaj\u00ed mal\u00e9 provozovny, ale i velc\u00ed hr\u00e1\u010di, kter\u00fdm zjednodu\u0161ujeme procesy automatizac\u00ed a lidsky p\u0159\u00edv\u011btivou digitalizac\u00ed.<\/li>\n<li>S provozem v\u00edce ne\u017e <strong>7 000 aktivn\u00edch z\u00e1kazn\u00edk\u016f.<\/strong><\/li>\n<\/ul>\n\t\t\t\t<img src=\"https:\/\/anetca.cz\/wp-content\/uploads\/2021\/07\/anetca-provereno.png\" alt=\"anetca pokladn\u00ed syst\u00e9m\" itemprop=\"image\" height=\"459\" width=\"888\" title=\"anetca pokladn\u00ed syst\u00e9m\" onerror=\"this.style.display='none'\">\n<h2>\n\t\tAutomatizace skladov\u00e9ho hospod\u00e1\u0159stv\u00ed a \u00fa\u010detnictv\u00ed\n\t<\/h2>\n\t<ul>\n<li>Mo\u017enost p\u0159ipojen\u00ed na <a href=\"https:\/\/www.arrowsys.cz\/cs\/anetca\">\u00fa\u010detn\u00ed a skladov\u00fd syst\u00e9m s automatick\u00fdmi odpisy<\/a>.<\/li>\n<li>Jednoduch\u00e9 p\u0159ij\u00edm\u00e1n\u00ed plateb v bitcoin s volitelnou konverz\u00ed a zasl\u00e1n\u00ed na \u00fa\u010det.<\/li>\n<li>Mo\u017enost s\u00ed\u0165ov\u00e9ho propojen\u00ed (server) a mobiln\u00edch prodejc\u016f.<\/li>\n<li>\u00da\u010dtenky v souladu s legislativn\u00edmi po\u017eadavky <strong>EET, \u010cOI a \u010cMI (certifikov\u00e1no)<\/strong>.<\/li>\n<li>Prodej z <strong>v\u00edce I\u010c<\/strong> na jednom za\u0159\u00edzen\u00ed.<\/li>\n<li><strong>Aktualizace softwaru<\/strong> spojen\u00e9 s legislativn\u00edmi \u00fapravami pro EET jsou <strong>zdarma<\/strong> zahrnuty v po\u0159\u00edzovac\u00ed cen\u011b.<\/li>\n<li>Podpora je v\u00e1m v\u017edy k dispozici -<strong> online e-mail a telefonick\u00e1 podpora<\/strong>.<\/li>\n<\/ul>\n\t\t\t\t<img src=\"https:\/\/anetca.cz\/wp-content\/uploads\/2021\/07\/netma.png\" alt=\"pokladn\u00ed syst\u00e9m anetca integrace\" itemprop=\"image\" height=\"1389\" width=\"1599\" title=\"pokladn\u00ed syst\u00e9m anetca integrace\" onerror=\"this.style.display='none'\">\n<h2>\n\t\tGastronomick\u00fd modul\n\t<\/h2>\n\t<ul>\n<li>Stvo\u0159eno pro restaurace, kav\u00e1rny, bary<\/li>\n<li>Mapa stol\u016f<\/li>\n<li>V\u00edce rozpracovan\u00fdch \u00fa\u010detenek<\/li>\n<li>Odes\u00edl\u00e1n\u00ed objedn\u00e1vek p\u0159\u00edmo do kuchyn\u011b<\/li>\n<li>Objedn\u00e1vky z D\u00e1me J\u00eddlo p\u0159imo do pokladny<\/li>\n<li>\u010c\u00ed\u0161n\u00edk\u016fm \u0161et\u0159\u00edme \u010das <a href=\"https:\/\/www.arrowsys.cz\/cs\/stolni-vyvolavaci-system\" target=\"_blank\" rel=\"noopener\">objedn\u00e1vkami p\u0159\u00edmo od stol\u016f<\/a> a <a href=\"https:\/\/www.arrowsys.cz\/cs\/qr-stolni-objednavkovy-system-na-stul\" target=\"_blank\" rel=\"noopener\">QR \u010d\u00ed\u0161n\u00edkem.<\/a><\/li>\n<li><a href=\"https:\/\/www.arrowsys.cz\/cs\/elektronicky-vyvolavaci-system\" target=\"_blank\" rel=\"noopener\">Vyvol\u00e1vac\u00ed syst\u00e9m<\/a> pak \u0161et\u0159\u00ed \u010das v kav\u00e1rn\u00e1ch<\/li>\n<\/ul>\n\t\t\t<a href=\"https:\/\/www.arrowsys.cz\/cs\/mobilni-cisnik\" target=\"_blank\" rel=\"noopener\">\n\t\t\t\t\t\t\tZobrazit mobiln\u00ed \u010d\u00ed\u0161n\u00edky\n\t\t\t\t\t<\/a>\n\t\t\t\t<img src=\"https:\/\/anetca.cz\/wp-content\/uploads\/2021\/07\/anetca-gastro.png\" alt=\"ANETCA gastronomick\u00fd pokladn\u00ed syst\u00e9m\" itemprop=\"image\" height=\"2044\" width=\"2000\" title=\"ANETCA gastronomick\u00fd pokladn\u00ed syst\u00e9m\" onerror=\"this.style.display='none'\">\n<h2>\n\t\tRozje\u010fte zcela bezobslu\u017en\u00fd obchod\n\t<\/h2>\n\t<ul>\n<li>Tvo\u0159\u00edme budoucnost nakupov\u00e1n\u00ed, \u00fasp\u011b\u0161n\u011b jsme dokon\u010dili v\u00fdvoj pro <strong>bezobslu\u017en\u00fd obchod<\/strong> bezpe\u010dn\u011b zaji\u0161\u0165uj\u00edc\u00ed provoz bez asistence pokladn\u00ed.<\/li>\n<li>Syst\u00e9m <strong><a href=\"https:\/\/www.contio.cz\/\">Contio<\/a><\/strong> je nejefektivn\u011bj\u0161\u00ed zp\u016fsob ke zv\u00fd\u0161en\u00ed ziskovosti provozu a automatizaci nakupov\u00e1n\u00ed s jednoduch\u00fdm ovl\u00e1d\u00e1n\u00edm pro z\u00e1kazn\u00edky.<\/li>\n<li>Dlouhodob\u011b se v\u011bnujeme problematice ub\u00fdvaj\u00edc\u00edch obchod\u016f na mal\u00fdch obc\u00edch a um\u00edme tento trend jako jedin\u00fd v \u010cR zvr\u00e1tit.<\/li>\n<\/ul>\n\t\t\t<a href=\"https:\/\/www.arrowsys.cz\/cs\/bezobsluzna-prodejna\" target=\"_blank\" rel=\"noopener\">\n\t\t\t\t\t\t\tV\u00edce informac\u00ed\n\t\t\t\t\t<\/a>\n<h2>\n\t\tPro\u010d zvolit pokladn\u00ed syst\u00e9m ANETCA pro Windows\n\t<\/h2>\n\t<ul>\n<li>Podpora je v\u00e1m v\u017edy k dispozici -<strong> online e-mail a telefonick\u00e1 podpora<\/strong>.<\/li>\n<li>Univerz\u00e1ln\u00ed pokladna pro <strong>Windows PC, notebook a tablet<\/strong>.<\/li>\n<li>Upraveno jako registra\u010dn\u00ed pokladna se snadn\u00fdm a intuitivn\u00edm ovl\u00e1d\u00e1n\u00edm a obsluha je uzp\u016fsoben\u00e1 pro dotykov\u00e9 displeje i kl\u00e1vesnici.<\/li>\n<li>Jednoduch\u00e1 elektronick\u00e1 pokladna umo\u017e\u0148uj\u00edc\u00ed <strong>rychl\u00e9 po\u0159\u00edzen\u00ed \u00fa\u010dtenek<\/strong>.<\/li>\n<li>Velmi levn\u00e9&nbsp;\u0159e\u0161en\u00ed pro spln\u011bn\u00ed povinnosti e-tr\u017eeb.<\/li>\n<li>Obsahuje funkce pro gastronomick\u00fd syst\u00e9m - <strong>slevov\u00e9 karty<\/strong>, tisk objedn\u00e1vek do kuchyn\u011b. A dal\u0161\u00ed \u0161ikovn\u00e9 funkce jako z\u00e1kaznick\u00e9 karty, prodej v pov\u011b\u0159en\u00ed.<\/li>\n<\/ul>\n<p>ANETCA je propracovan\u00fd pokladn\u00ed program i pro elektronickou evidenci tr\u017eeb. Je ur\u010den pro tablety, notebooky a po\u010d\u00edta\u010de s opera\u010dn\u00edm syst\u00e9mem Windows 7 a vy\u0161\u0161\u00ed a serverov\u00e9 syst\u00e9my s Windows 2008 a vy\u0161\u0161\u00ed.<\/p>\n<p>Program je mo\u017en\u00e9 spustit v\u00edcekr\u00e1t na jednom po\u010d\u00edta\u010di, to je vhodn\u00e9 nap\u0159\u00edklad pro<strong> provozov\u00e1n\u00ed dvou a v\u00edce I\u010c <\/strong>na jednom za\u0159\u00edzen\u00ed (vy\u017eaduje dodate\u010dnou licenci pro dal\u0161\u00ed I\u010c).<\/p>\n\t<h4>Pot\u0159ebujete pokladnu na tablet nebo telefon?<\/h4>\n<p>Pot\u0159ebujete pokladnu na tablet nebo telefon pro Android \u010di Apple? P\u0159ipravuli jsme pro v\u00e1s spolehlivou pokladnu LILKA.<\/p>\n\t\t\t<a href=\"https:\/\/lilka.cz\/cs\/\" target=\"_blank\" rel=\"noopener\">\n\t\t\t\t\t\t\tZobrazit pokladny pro Android a Apple\n\t\t\t\t\t<\/a>\n\t<h2>Pokladn\u00ed syst\u00e9m bez pau\u0161\u00e1lu<\/h2>\n<p>Provoz programu je bez pau\u0161\u00e1lu. Licence programu je zakoupena pouze jednou, neplat\u00ed se \u017e\u00e1dn\u00e9 m\u011bs\u00ed\u010dn\u00ed poplatky za provoz.<\/p>\n<p>[huge_it_catalog id=\"8\"]<\/p>\n<p>Samostatn\u00fd software pro instalaci na vlastn\u00ed za\u0159\u00edzen\u00ed m\u016f\u017eete objednat p\u0159es e-shop <a href=\"https:\/\/www.arrowsys.cz\/cs\/anetca\">ArrowSys.cz<\/a>. Dal\u0161\u00ed kompletn\u00ed pokladn\u00ed sady v\u010detn\u011b tisk\u00e1ren, obrazovek a roz\u0161\u00ed\u0159uj\u00edc\u00edch perif\u00e9ri\u00ed jsou kobjedn\u00e1n\u00ed <a href=\"https:\/\/www.arrowsys.cz\/cs\/komplety\">zde<\/a>.<\/p>\n<p>Pro&nbsp;tablety a telefony s OS <strong>Android, iOS (Apple)<\/strong>&nbsp;nab\u00edz\u00edme syst\u00e9m <a href=\"https:\/\/lilka.cz\/cs\/\">LILKA<\/a>. Ceny a v\u00edce informac\u00ed&nbsp;naleznete na str\u00e1nk\u00e1ch <a href=\"https:\/\/www.arrowsys.cz\/cs\/lilka\">ArrowSys.cz<\/a><\/p>\n<p>&nbsp;<\/p>\n<p>[caption id=\"attachment_255\" align=\"aligncenter\" width=\"700\"]<a href=\"https:\/\/anetca.cz\/wp-content\/uploads\/2015\/04\/Home-screen-1.jpg\"><img src=\"https:\/\/anetca.cz\/wp-content\/uploads\/2015\/04\/Home-screen-1-1024x546.jpg\" alt=\"pokladn\u00ed syst\u00e9m obr\u00e1zek\" width=\"700\" height=\"373\"><\/a> Pokladn\u00ed syst\u00e9m ANETCA - Elektronick\u00e1 evidence tr\u017eeb.[\/caption]<\/p>\n<p>&nbsp;<\/p>\n<h5>Vhodn\u00e9 pro podniky z 3. a 4.<\/h5>\n<ul>\n<li>Stravovac\u00ed st\u00e1nky<\/li>\n<li>Autoservis - oprava a \u00fadr\u017eba motorov\u00fdch vozidel<\/li>\n<li>Taxislu\u017eby<\/li>\n<li>\u0158emesln\u00edky - instalat\u00e9ry, elektrik\u00e1\u0159e, obklada\u010de, mal\u00ed\u0159e, pokr\u00fdva\u010de<\/li>\n<li>Advok\u00e1ty, l\u00e9ka\u0159e<\/li>\n<li>Vhodn\u00e9 tak\u00e9 pro kade\u0159nice a kade\u0159nick\u00e9 sal\u00f3ny, barbershopy, mas\u00e9ry, kart\u00e1\u0159ky, apod.<\/li>\n<\/ul>\n<p>Vyzkou\u0161ejte si <a href=\"https:\/\/anetca.cz\/cs\/zkusebni-verze\/\">ZDE<\/a><\/p>\n<p>&nbsp;<\/p>\n<h2>EET certifik\u00e1t - videon\u00e1vod jak nastavit certifik\u00e1t<\/h2>\n<p>[youtube https:\/\/www.youtube.com\/watch?v=W4U36dozqoM&amp;w=640&amp;h=385]<\/p>\n<!-- \/wp:fl-builder\/layout -->","_cs_post_name":"spolehlivy-eet-pokladni-system-bez-pausalu-windows-pc-notebook-tablet","_cs_post_excerpt":"","_cs_post_title":"Spolehliv\u00fd pokladn\u00ed syst\u00e9m, bez pau\u0161\u00e1lu.","_en_post_content":"<p style=\"text-align: justify;\">ANetCa (ArrowSysNetworkCash) si\u00a0Point of Sale program. Designed for tablets, notebooks and computers running Windows 7 or newer and\u00a0Windows Server 2008 R2 and newer. For more information about this program please\u00a0visit\u00a0 <a href=\"http:\/\/www.arrowsys.cz\/produkty\/30-anetca.aspx\">ArrowSys.cz<\/a><\/p>\n<p style=\"text-align: justify;\">For phones and tablets running Android or iOS please visit\u00a0<a href=\"http:\/\/www.arrowsys.cz\/produkty\/39-lilka.aspx\">LILKA<\/a>. Pricing and more information can be found on <a href=\"http:\/\/www.arrowsys.cz\/produkty\/39-lilka.aspx\">ArrowSys.cz<\/a><\/p>\n\n\n[caption id=\"attachment_17\" align=\"alignnone\" width=\"1280\"]<a href=\"http:\/\/anetcash.cz\/wp-content\/uploads\/2015\/04\/anetca.jpg\"><img class=\"wp-image-17 size-full\" src=\"http:\/\/anetca.cz\/wp-content\/uploads\/2015\/04\/anetca.jpg\" alt=\"poklandn\u00ed syst\u00e9m obr\u00e1zek\" width=\"1280\" height=\"800\" \/><\/a> ANetCa - PoS, ArrowSys Network Cash[\/caption]","_en_post_name":"zkusebni-stranka","_en_post_excerpt":"","_en_post_title":"Point of Sale - ArrowSys Network Cash (ANetCa)","edit_language":"en","jetpack_post_was_ever_published":false,"footnotes":""},"class_list":["post-2","page","type-page","status-publish","has-post-thumbnail","hentry"],"yoast_head":"<!-- This site is optimized with the Yoast SEO plugin v24.6 - https:\/\/yoast.com\/wordpress\/plugins\/seo\/ -->\n<title>ANETCA | Spolehliv\u00fd pokladn\u00ed syst\u00e9m s EET bez pau\u0161\u00e1lu na Windows PC<\/title>\n<meta name=\"description\" content=\"Pokladn\u00ed syst\u00e9m pro maloobchod na Windows PC a tablet. Elektronick\u00e1 evidence tr\u017eeb bez pau\u0161\u00e1lu. Jednoduch\u00e1 EET registra\u010dn\u00ed pokladna i pro notebook.\" \/>\n<meta name=\"robots\" content=\"index, follow, max-snippet:-1, max-image-preview:large, max-video-preview:-1\" \/>\n<link rel=\"canonical\" href=\"https:\/\/anetca.cz\/cs\/\" \/>\n<meta property=\"og:locale\" content=\"en_US\" \/>\n<meta property=\"og:type\" content=\"article\" \/>\n<meta property=\"og:title\" content=\"ANETCA | Spolehliv\u00fd pokladn\u00ed syst\u00e9m s EET bez pau\u0161\u00e1lu na Windows PC\" \/>\n<meta property=\"og:description\" content=\"Pokladn\u00ed syst\u00e9m pro maloobchod na Windows PC a tablet. Elektronick\u00e1 evidence tr\u017eeb bez pau\u0161\u00e1lu. Jednoduch\u00e1 EET registra\u010dn\u00ed pokladna i pro notebook.\" \/>\n<meta property=\"og:url\" content=\"https:\/\/anetca.cz\/cs\/\" \/>\n<meta property=\"og:site_name\" content=\"ANETCA\" \/>\n<meta property=\"article:modified_time\" content=\"2025-03-05T07:45:03+00:00\" \/>\n<meta property=\"og:image\" content=\"https:\/\/anetca.cz\/wp-content\/uploads\/2021\/07\/cropped-anetca-512x512-1.png\" \/>\n\t<meta property=\"og:image:width\" content=\"512\" \/>\n\t<meta property=\"og:image:height\" content=\"512\" \/>\n\t<meta property=\"og:image:type\" content=\"image\/png\" \/>\n<meta name=\"twitter:card\" content=\"summary_large_image\" \/>\n<meta name=\"twitter:label1\" content=\"Est. reading time\" \/>\n\t<meta name=\"twitter:data1\" content=\"8 minutes\" \/>\n<script type=\"application\/ld+json\" class=\"yoast-schema-graph\">{\"@context\":\"https:\/\/schema.org\",\"@graph\":[{\"@type\":\"WebPage\",\"@id\":\"https:\/\/anetca.cz\/cs\/\",\"url\":\"https:\/\/anetca.cz\/cs\/\",\"name\":\"ANETCA | Spolehliv\u00fd pokladn\u00ed syst\u00e9m s EET bez pau\u0161\u00e1lu na Windows PC\",\"isPartOf\":{\"@id\":\"https:\/\/anetca.cz\/cs\/#website\"},\"primaryImageOfPage\":{\"@id\":\"https:\/\/anetca.cz\/cs\/#primaryimage\"},\"image\":{\"@id\":\"https:\/\/anetca.cz\/cs\/#primaryimage\"},\"thumbnailUrl\":\"https:\/\/i0.wp.com\/anetca.cz\/wp-content\/uploads\/2021\/07\/cropped-anetca-512x512-1.png?fit=512%2C512&ssl=1\",\"datePublished\":\"2015-04-17T09:35:08+00:00\",\"dateModified\":\"2025-03-05T07:45:03+00:00\",\"description\":\"Pokladn\u00ed syst\u00e9m pro maloobchod na Windows PC a tablet. Elektronick\u00e1 evidence tr\u017eeb bez pau\u0161\u00e1lu. Jednoduch\u00e1 EET registra\u010dn\u00ed pokladna i pro notebook.\",\"breadcrumb\":{\"@id\":\"https:\/\/anetca.cz\/cs\/#breadcrumb\"},\"inLanguage\":\"\",\"potentialAction\":[{\"@type\":\"ReadAction\",\"target\":[\"https:\/\/anetca.cz\/cs\/\"]}]},{\"@type\":\"ImageObject\",\"inLanguage\":\"\",\"@id\":\"https:\/\/anetca.cz\/cs\/#primaryimage\",\"url\":\"https:\/\/i0.wp.com\/anetca.cz\/wp-content\/uploads\/2021\/07\/cropped-anetca-512x512-1.png?fit=512%2C512&ssl=1\",\"contentUrl\":\"https:\/\/i0.wp.com\/anetca.cz\/wp-content\/uploads\/2021\/07\/cropped-anetca-512x512-1.png?fit=512%2C512&ssl=1\",\"width\":512,\"height\":512},{\"@type\":\"BreadcrumbList\",\"@id\":\"https:\/\/anetca.cz\/cs\/#breadcrumb\",\"itemListElement\":[{\"@type\":\"ListItem\",\"position\":1,\"name\":\"Dom\u016f\",\"item\":\"https:\/\/anetca.cz\/cs\/\"},{\"@type\":\"ListItem\",\"position\":2,\"name\":\"Spolehliv\u00fd pokladn\u00ed syst\u00e9m, bez pau\u0161\u00e1lu.\"}]},{\"@type\":\"WebSite\",\"@id\":\"https:\/\/anetca.cz\/cs\/#website\",\"url\":\"https:\/\/anetca.cz\/cs\/\",\"name\":\"ANETCA\",\"description\":\"EET bez pau\u0161\u00e1lu za 1500 K\u010d. Windows pokladn\u00ed syst\u00e9m pro PC, notebook a tablet\",\"publisher\":{\"@id\":\"https:\/\/anetca.cz\/cs\/#organization\"},\"potentialAction\":[{\"@type\":\"SearchAction\",\"target\":{\"@type\":\"EntryPoint\",\"urlTemplate\":\"https:\/\/anetca.cz\/cs\/?s={search_term_string}\"},\"query-input\":{\"@type\":\"PropertyValueSpecification\",\"valueRequired\":true,\"valueName\":\"search_term_string\"}}],\"inLanguage\":\"\"},{\"@type\":\"Organization\",\"@id\":\"https:\/\/anetca.cz\/cs\/#organization\",\"name\":\"ArrowSys s.r.o.\",\"url\":\"https:\/\/anetca.cz\/cs\/\",\"logo\":{\"@type\":\"ImageObject\",\"inLanguage\":\"\",\"@id\":\"https:\/\/anetca.cz\/cs\/#\/schema\/logo\/image\/\",\"url\":\"https:\/\/i2.wp.com\/anetca.cz\/wp-content\/uploads\/2016\/12\/lilka_ico.png?fit=128%2C128&ssl=1\",\"contentUrl\":\"https:\/\/i2.wp.com\/anetca.cz\/wp-content\/uploads\/2016\/12\/lilka_ico.png?fit=128%2C128&ssl=1\",\"width\":128,\"height\":128,\"caption\":\"ArrowSys s.r.o.\"},\"image\":{\"@id\":\"https:\/\/anetca.cz\/cs\/#\/schema\/logo\/image\/\"}}]}<\/script>\n<!-- \/ Yoast SEO plugin. -->","yoast_head_json":{"title":"ANETCA | Spolehliv\u00fd pokladn\u00ed syst\u00e9m s EET bez pau\u0161\u00e1lu na Windows PC","description":"Pokladn\u00ed syst\u00e9m pro maloobchod na Windows PC a tablet. Elektronick\u00e1 evidence tr\u017eeb bez pau\u0161\u00e1lu. Jednoduch\u00e1 EET registra\u010dn\u00ed pokladna i pro notebook.","robots":{"index":"index","follow":"follow","max-snippet":"max-snippet:-1","max-image-preview":"max-image-preview:large","max-video-preview":"max-video-preview:-1"},"canonical":"https:\/\/anetca.cz\/cs\/","og_locale":"en_US","og_type":"article","og_title":"ANETCA | Spolehliv\u00fd pokladn\u00ed syst\u00e9m s EET bez pau\u0161\u00e1lu na Windows PC","og_description":"Pokladn\u00ed syst\u00e9m pro maloobchod na Windows PC a tablet. Elektronick\u00e1 evidence tr\u017eeb bez pau\u0161\u00e1lu. Jednoduch\u00e1 EET registra\u010dn\u00ed pokladna i pro notebook.","og_url":"https:\/\/anetca.cz\/cs\/","og_site_name":"ANETCA","article_modified_time":"2025-03-05T07:45:03+00:00","og_image":[{"width":512,"height":512,"url":"https:\/\/anetca.cz\/wp-content\/uploads\/2021\/07\/cropped-anetca-512x512-1.png","type":"image\/png"}],"twitter_card":"summary_large_image","twitter_misc":{"Est. reading time":"8 minutes"},"schema":{"@context":"https:\/\/schema.org","@graph":[{"@type":"WebPage","@id":"https:\/\/anetca.cz\/cs\/","url":"https:\/\/anetca.cz\/cs\/","name":"ANETCA | Spolehliv\u00fd pokladn\u00ed syst\u00e9m s EET bez pau\u0161\u00e1lu na Windows PC","isPartOf":{"@id":"https:\/\/anetca.cz\/cs\/#website"},"primaryImageOfPage":{"@id":"https:\/\/anetca.cz\/cs\/#primaryimage"},"image":{"@id":"https:\/\/anetca.cz\/cs\/#primaryimage"},"thumbnailUrl":"https:\/\/i0.wp.com\/anetca.cz\/wp-content\/uploads\/2021\/07\/cropped-anetca-512x512-1.png?fit=512%2C512&ssl=1","datePublished":"2015-04-17T09:35:08+00:00","dateModified":"2025-03-05T07:45:03+00:00","description":"Pokladn\u00ed syst\u00e9m pro maloobchod na Windows PC a tablet. Elektronick\u00e1 evidence tr\u017eeb bez pau\u0161\u00e1lu. Jednoduch\u00e1 EET registra\u010dn\u00ed pokladna i pro notebook.","breadcrumb":{"@id":"https:\/\/anetca.cz\/cs\/#breadcrumb"},"inLanguage":"","potentialAction":[{"@type":"ReadAction","target":["https:\/\/anetca.cz\/cs\/"]}]},{"@type":"ImageObject","inLanguage":"","@id":"https:\/\/anetca.cz\/cs\/#primaryimage","url":"https:\/\/i0.wp.com\/anetca.cz\/wp-content\/uploads\/2021\/07\/cropped-anetca-512x512-1.png?fit=512%2C512&ssl=1","contentUrl":"https:\/\/i0.wp.com\/anetca.cz\/wp-content\/uploads\/2021\/07\/cropped-anetca-512x512-1.png?fit=512%2C512&ssl=1","width":512,"height":512},{"@type":"BreadcrumbList","@id":"https:\/\/anetca.cz\/cs\/#breadcrumb","itemListElement":[{"@type":"ListItem","position":1,"name":"Dom\u016f","item":"https:\/\/anetca.cz\/cs\/"},{"@type":"ListItem","position":2,"name":"Spolehliv\u00fd pokladn\u00ed syst\u00e9m, bez pau\u0161\u00e1lu."}]},{"@type":"WebSite","@id":"https:\/\/anetca.cz\/cs\/#website","url":"https:\/\/anetca.cz\/cs\/","name":"ANETCA","description":"EET bez pau\u0161\u00e1lu za 1500 K\u010d. Windows pokladn\u00ed syst\u00e9m pro PC, notebook a tablet","publisher":{"@id":"https:\/\/anetca.cz\/cs\/#organization"},"potentialAction":[{"@type":"SearchAction","target":{"@type":"EntryPoint","urlTemplate":"https:\/\/anetca.cz\/cs\/?s={search_term_string}"},"query-input":{"@type":"PropertyValueSpecification","valueRequired":true,"valueName":"search_term_string"}}],"inLanguage":""},{"@type":"Organization","@id":"https:\/\/anetca.cz\/cs\/#organization","name":"ArrowSys s.r.o.","url":"https:\/\/anetca.cz\/cs\/","logo":{"@type":"ImageObject","inLanguage":"","@id":"https:\/\/anetca.cz\/cs\/#\/schema\/logo\/image\/","url":"https:\/\/i2.wp.com\/anetca.cz\/wp-content\/uploads\/2016\/12\/lilka_ico.png?fit=128%2C128&ssl=1","contentUrl":"https:\/\/i2.wp.com\/anetca.cz\/wp-content\/uploads\/2016\/12\/lilka_ico.png?fit=128%2C128&ssl=1","width":128,"height":128,"caption":"ArrowSys s.r.o."},"image":{"@id":"https:\/\/anetca.cz\/cs\/#\/schema\/logo\/image\/"}}]}},"jetpack_sharing_enabled":true,"jetpack_shortlink":"https:\/\/wp.me\/P7x4PG-2","jetpack-related-posts":[],"_links":{"self":[{"href":"https:\/\/anetca.cz\/en\/wp-json\/wp\/v2\/pages\/2"}],"collection":[{"href":"https:\/\/anetca.cz\/en\/wp-json\/wp\/v2\/pages"}],"about":[{"href":"https:\/\/anetca.cz\/en\/wp-json\/wp\/v2\/types\/page"}],"author":[{"embeddable":true,"href":"https:\/\/anetca.cz\/en\/wp-json\/wp\/v2\/users\/4"}],"replies":[{"embeddable":true,"href":"https:\/\/anetca.cz\/en\/wp-json\/wp\/v2\/comments?post=2"}],"version-history":[{"count":143,"href":"https:\/\/anetca.cz\/en\/wp-json\/wp\/v2\/pages\/2\/revisions"}],"predecessor-version":[{"id":806,"href":"https:\/\/anetca.cz\/en\/wp-json\/wp\/v2\/pages\/2\/revisions\/806"}],"wp:featuredmedia":[{"embeddable":true,"href":"https:\/\/anetca.cz\/en\/wp-json\/wp\/v2\/media\/726"}],"wp:attachment":[{"href":"https:\/\/anetca.cz\/en\/wp-json\/wp\/v2\/media?parent=2"}],"curies":[{"name":"wp","href":"https:\/\/api.w.org\/{rel}","templated":true}]}}