{"id":512,"date":"2017-09-25T09:35:20","date_gmt":"2017-09-25T08:35:20","guid":{"rendered":"https:\/\/anetca.cz\/cs\/?page_id=512"},"modified":"2017-09-25T09:35:20","modified_gmt":"2017-09-25T08:35:20","slug":"","status":"publish","type":"page","link":"https:\/\/anetca.cz\/en\/porovnani-lilka\/","title":{"rendered":"","raw":""},"content":{"rendered":"","protected":false,"raw":""},"excerpt":{"rendered":"","protected":false,"raw":""},"author":4,"featured_media":0,"parent":0,"menu_order":0,"comment_status":"closed","ping_status":"closed","template":"","meta":{"_cs_post_content":"[table id=1 \/]","_cs_post_name":"porovnani-lilka","_cs_post_excerpt":"","_cs_post_title":"Porovn\u00e1n\u00ed s LILKA","_en_post_content":"","_en_post_name":"","_en_post_excerpt":"","_en_post_title":"","edit_language":"en","jetpack_post_was_ever_published":false,"footnotes":""},"class_list":["post-512","page","type-page","status-publish","hentry"],"yoast_head":"<!-- This site is optimized with the Yoast SEO plugin v24.6 - https:\/\/yoast.com\/wordpress\/plugins\/seo\/ -->\n<title>Porovn\u00e1n\u00ed s LILKA | ANETCA<\/title>\n<meta name=\"robots\" content=\"index, follow, max-snippet:-1, max-image-preview:large, max-video-preview:-1\" \/>\n<link rel=\"canonical\" href=\"https:\/\/anetca.cz\/cs\/porovnani-lilka\/\" \/>\n<meta property=\"og:locale\" content=\"en_US\" \/>\n<meta property=\"og:type\" content=\"article\" \/>\n<meta property=\"og:title\" content=\"Porovn\u00e1n\u00ed s LILKA | ANETCA\" \/>\n<meta property=\"og:url\" content=\"https:\/\/anetca.cz\/cs\/porovnani-lilka\/\" \/>\n<meta property=\"og:site_name\" content=\"ANETCA\" \/>\n<meta name=\"twitter:card\" content=\"summary_large_image\" \/>\n<script type=\"application\/ld+json\" class=\"yoast-schema-graph\">{\"@context\":\"https:\/\/schema.org\",\"@graph\":[{\"@type\":\"WebPage\",\"@id\":\"https:\/\/anetca.cz\/cs\/porovnani-lilka\/\",\"url\":\"https:\/\/anetca.cz\/cs\/porovnani-lilka\/\",\"name\":\"Porovn\u00e1n\u00ed s LILKA | ANETCA\",\"isPartOf\":{\"@id\":\"https:\/\/anetca.cz\/cs\/#website\"},\"datePublished\":\"2017-09-25T08:35:20+00:00\",\"breadcrumb\":{\"@id\":\"https:\/\/anetca.cz\/cs\/porovnani-lilka\/#breadcrumb\"},\"inLanguage\":\"\",\"potentialAction\":[{\"@type\":\"ReadAction\",\"target\":[\"https:\/\/anetca.cz\/cs\/porovnani-lilka\/\"]}]},{\"@type\":\"BreadcrumbList\",\"@id\":\"https:\/\/anetca.cz\/cs\/porovnani-lilka\/#breadcrumb\",\"itemListElement\":[{\"@type\":\"ListItem\",\"position\":1,\"name\":\"Dom\u016f\",\"item\":\"https:\/\/anetca.cz\/cs\/\"},{\"@type\":\"ListItem\",\"position\":2,\"name\":\"Porovn\u00e1n\u00ed s LILKA\"}]},{\"@type\":\"WebSite\",\"@id\":\"https:\/\/anetca.cz\/cs\/#website\",\"url\":\"https:\/\/anetca.cz\/cs\/\",\"name\":\"ANETCA\",\"description\":\"EET bez pau\u0161\u00e1lu za 1500 K\u010d. Windows pokladn\u00ed syst\u00e9m pro PC, notebook a tablet\",\"publisher\":{\"@id\":\"https:\/\/anetca.cz\/cs\/#organization\"},\"potentialAction\":[{\"@type\":\"SearchAction\",\"target\":{\"@type\":\"EntryPoint\",\"urlTemplate\":\"https:\/\/anetca.cz\/cs\/?s={search_term_string}\"},\"query-input\":{\"@type\":\"PropertyValueSpecification\",\"valueRequired\":true,\"valueName\":\"search_term_string\"}}],\"inLanguage\":\"\"},{\"@type\":\"Organization\",\"@id\":\"https:\/\/anetca.cz\/cs\/#organization\",\"name\":\"ArrowSys s.r.o.\",\"url\":\"https:\/\/anetca.cz\/cs\/\",\"logo\":{\"@type\":\"ImageObject\",\"inLanguage\":\"\",\"@id\":\"https:\/\/anetca.cz\/cs\/#\/schema\/logo\/image\/\",\"url\":\"https:\/\/i2.wp.com\/anetca.cz\/wp-content\/uploads\/2016\/12\/lilka_ico.png?fit=128%2C128&ssl=1\",\"contentUrl\":\"https:\/\/i2.wp.com\/anetca.cz\/wp-content\/uploads\/2016\/12\/lilka_ico.png?fit=128%2C128&ssl=1\",\"width\":128,\"height\":128,\"caption\":\"ArrowSys s.r.o.\"},\"image\":{\"@id\":\"https:\/\/anetca.cz\/cs\/#\/schema\/logo\/image\/\"}}]}<\/script>\n<!-- \/ Yoast SEO plugin. -->","yoast_head_json":{"title":"Porovn\u00e1n\u00ed s LILKA | ANETCA","robots":{"index":"index","follow":"follow","max-snippet":"max-snippet:-1","max-image-preview":"max-image-preview:large","max-video-preview":"max-video-preview:-1"},"canonical":"https:\/\/anetca.cz\/cs\/porovnani-lilka\/","og_locale":"en_US","og_type":"article","og_title":"Porovn\u00e1n\u00ed s LILKA | ANETCA","og_url":"https:\/\/anetca.cz\/cs\/porovnani-lilka\/","og_site_name":"ANETCA","twitter_card":"summary_large_image","schema":{"@context":"https:\/\/schema.org","@graph":[{"@type":"WebPage","@id":"https:\/\/anetca.cz\/cs\/porovnani-lilka\/","url":"https:\/\/anetca.cz\/cs\/porovnani-lilka\/","name":"Porovn\u00e1n\u00ed s LILKA | ANETCA","isPartOf":{"@id":"https:\/\/anetca.cz\/cs\/#website"},"datePublished":"2017-09-25T08:35:20+00:00","breadcrumb":{"@id":"https:\/\/anetca.cz\/cs\/porovnani-lilka\/#breadcrumb"},"inLanguage":"","potentialAction":[{"@type":"ReadAction","target":["https:\/\/anetca.cz\/cs\/porovnani-lilka\/"]}]},{"@type":"BreadcrumbList","@id":"https:\/\/anetca.cz\/cs\/porovnani-lilka\/#breadcrumb","itemListElement":[{"@type":"ListItem","position":1,"name":"Dom\u016f","item":"https:\/\/anetca.cz\/cs\/"},{"@type":"ListItem","position":2,"name":"Porovn\u00e1n\u00ed s LILKA"}]},{"@type":"WebSite","@id":"https:\/\/anetca.cz\/cs\/#website","url":"https:\/\/anetca.cz\/cs\/","name":"ANETCA","description":"EET bez pau\u0161\u00e1lu za 1500 K\u010d. Windows pokladn\u00ed syst\u00e9m pro PC, notebook a tablet","publisher":{"@id":"https:\/\/anetca.cz\/cs\/#organization"},"potentialAction":[{"@type":"SearchAction","target":{"@type":"EntryPoint","urlTemplate":"https:\/\/anetca.cz\/cs\/?s={search_term_string}"},"query-input":{"@type":"PropertyValueSpecification","valueRequired":true,"valueName":"search_term_string"}}],"inLanguage":""},{"@type":"Organization","@id":"https:\/\/anetca.cz\/cs\/#organization","name":"ArrowSys s.r.o.","url":"https:\/\/anetca.cz\/cs\/","logo":{"@type":"ImageObject","inLanguage":"","@id":"https:\/\/anetca.cz\/cs\/#\/schema\/logo\/image\/","url":"https:\/\/i2.wp.com\/anetca.cz\/wp-content\/uploads\/2016\/12\/lilka_ico.png?fit=128%2C128&ssl=1","contentUrl":"https:\/\/i2.wp.com\/anetca.cz\/wp-content\/uploads\/2016\/12\/lilka_ico.png?fit=128%2C128&ssl=1","width":128,"height":128,"caption":"ArrowSys s.r.o."},"image":{"@id":"https:\/\/anetca.cz\/cs\/#\/schema\/logo\/image\/"}}]}},"jetpack_sharing_enabled":true,"jetpack_shortlink":"https:\/\/wp.me\/P7x4PG-8g","jetpack-related-posts":[],"_links":{"self":[{"href":"https:\/\/anetca.cz\/en\/wp-json\/wp\/v2\/pages\/512"}],"collection":[{"href":"https:\/\/anetca.cz\/en\/wp-json\/wp\/v2\/pages"}],"about":[{"href":"https:\/\/anetca.cz\/en\/wp-json\/wp\/v2\/types\/page"}],"author":[{"embeddable":true,"href":"https:\/\/anetca.cz\/en\/wp-json\/wp\/v2\/users\/4"}],"replies":[{"embeddable":true,"href":"https:\/\/anetca.cz\/en\/wp-json\/wp\/v2\/comments?post=512"}],"version-history":[{"count":2,"href":"https:\/\/anetca.cz\/en\/wp-json\/wp\/v2\/pages\/512\/revisions"}],"predecessor-version":[{"id":515,"href":"https:\/\/anetca.cz\/en\/wp-json\/wp\/v2\/pages\/512\/revisions\/515"}],"wp:attachment":[{"href":"https:\/\/anetca.cz\/en\/wp-json\/wp\/v2\/media?parent=512"}],"curies":[{"name":"wp","href":"https:\/\/api.w.org\/{rel}","templated":true}]}}